{"id":247,"date":"2024-12-19T11:05:01","date_gmt":"2024-12-19T10:05:01","guid":{"rendered":"https:\/\/prochinitalia.com\/?page_id=247"},"modified":"2024-12-30T16:39:19","modified_gmt":"2024-12-30T15:39:19","slug":"chi-siamo","status":"publish","type":"page","link":"https:\/\/prochinitalia.com\/it\/chi-siamo\/","title":{"rendered":"Chi siamo"},"content":{"rendered":"\t\t<div data-elementor-type=\"wp-page\" data-elementor-id=\"247\" class=\"elementor elementor-247\" data-elementor-post-type=\"page\">\n\t\t\t\t<div class=\"elementor-element elementor-element-df5c8c5 e-con-full e-flex e-con e-parent\" data-id=\"df5c8c5\" data-element_type=\"container\" data-e-type=\"container\">\n\t\t\t\t<div class=\"elementor-element elementor-element-9872b70 elementor-widget elementor-widget-shortcode\" data-id=\"9872b70\" data-element_type=\"widget\" data-e-type=\"widget\" data-widget_type=\"shortcode.default\">\n\t\t\t\t<div class=\"elementor-widget-container\">\n\t\t\t\t\t\t\t<div class=\"elementor-shortcode\">\t\t<div data-elementor-type=\"section\" data-elementor-id=\"327\" class=\"elementor elementor-327\" data-elementor-post-type=\"elementor_library\">\n\t\t\t<div class=\"elementor-element elementor-element-873ada8 e-con-full e-flex e-con e-parent\" data-id=\"873ada8\" data-element_type=\"container\" data-e-type=\"container\" data-settings=\"{&quot;background_background&quot;:&quot;classic&quot;}\">\n\t\t<div class=\"elementor-element elementor-element-dcd9c4a e-con-full e-flex e-con e-child\" data-id=\"dcd9c4a\" data-element_type=\"container\" data-e-type=\"container\" data-settings=\"{&quot;background_background&quot;:&quot;classic&quot;}\">\n\t\t\t\t<div class=\"elementor-element elementor-element-42ea0f3 elementor-tablet-align-center elementor-widget elementor-widget-breadcrumbs\" data-id=\"42ea0f3\" data-element_type=\"widget\" data-e-type=\"widget\" data-widget_type=\"breadcrumbs.default\">\n\t\t\t\t<div class=\"elementor-widget-container\">\n\t\t\t\t\t<p id=\"breadcrumbs\"><span><span><a href=\"https:\/\/prochinitalia.com\/it\/\">Home<\/a><\/span><\/span><\/p>\t\t\t\t<\/div>\n\t\t\t\t<\/div>\n\t\t\t\t<\/div>\n\t\t\t\t<div class=\"elementor-element elementor-element-12a8edb elementor-widget elementor-widget-spacer\" data-id=\"12a8edb\" data-element_type=\"widget\" data-e-type=\"widget\" data-widget_type=\"spacer.default\">\n\t\t\t\t<div class=\"elementor-widget-container\">\n\t\t\t\t\t\t\t<div class=\"elementor-spacer\">\n\t\t\t<div class=\"elementor-spacer-inner\"><\/div>\n\t\t<\/div>\n\t\t\t\t\t\t<\/div>\n\t\t\t\t<\/div>\n\t\t\t\t<\/div>\n\t\t\t\t<\/div>\n\t\t<\/div>\n\t\t\t\t\t\t<\/div>\n\t\t\t\t<\/div>\n\t\t\t\t<\/div>\n\t\t<div class=\"elementor-element elementor-element-ffa6bf5 e-flex e-con-boxed e-con e-parent\" data-id=\"ffa6bf5\" data-element_type=\"container\" data-e-type=\"container\">\n\t\t\t\t\t<div class=\"e-con-inner\">\n\t\t<div class=\"elementor-element elementor-element-dfd48c8 e-flex e-con-boxed e-con e-child\" data-id=\"dfd48c8\" data-element_type=\"container\" data-e-type=\"container\">\n\t\t\t\t\t<div class=\"e-con-inner\">\n\t\t\t\t<div class=\"elementor-element elementor-element-24168e0 elementor-widget elementor-widget-heading\" data-id=\"24168e0\" data-element_type=\"widget\" data-e-type=\"widget\" data-widget_type=\"heading.default\">\n\t\t\t\t<div class=\"elementor-widget-container\">\n\t\t\t\t\t<h2 class=\"elementor-heading-title elementor-size-default\">La nostra Storia \u00e8 il nostro futuro<\/h2>\t\t\t\t<\/div>\n\t\t\t\t<\/div>\n\t\t\t\t<div class=\"elementor-element elementor-element-9209fb5 elementor-widget-divider--view-line elementor-widget elementor-widget-divider\" data-id=\"9209fb5\" data-element_type=\"widget\" data-e-type=\"widget\" data-widget_type=\"divider.default\">\n\t\t\t\t<div class=\"elementor-widget-container\">\n\t\t\t\t\t\t\t<div class=\"elementor-divider\">\n\t\t\t<span class=\"elementor-divider-separator\">\n\t\t\t\t\t\t<\/span>\n\t\t<\/div>\n\t\t\t\t\t\t<\/div>\n\t\t\t\t<\/div>\n\t\t\t\t<div class=\"elementor-element elementor-element-e45c54b elementor-widget elementor-widget-text-editor\" data-id=\"e45c54b\" data-element_type=\"widget\" data-e-type=\"widget\" data-widget_type=\"text-editor.default\">\n\t\t\t\t<div class=\"elementor-widget-container\">\n\t\t\t\t\t\t\t\t\t<p>Ne abbiamo fatta di strada dall\u2019originaria piccola azienda di materie prime e vernici fondata a Napoli (Italia) da Gennaro Calabria nel lontano 1936. Oggi Prochin Italia \u00e8 considerata una delle aziende leader nel settore dei silicati e prodotti chimici privilegiando affidabilit\u00e0, professionalit\u00e0 e competenza.<\/p>\t\t\t\t\t\t\t\t<\/div>\n\t\t\t\t<\/div>\n\t\t\t\t<div class=\"elementor-element elementor-element-ef7a055 elementor-widget elementor-widget-mfn_timeline\" data-id=\"ef7a055\" data-element_type=\"widget\" data-e-type=\"widget\" data-widget_type=\"mfn_timeline.default\">\n\t\t\t\t<div class=\"elementor-widget-container\">\n\t\t\t\t\t<ul class=\"timeline_items\"><li><h3><span>1936<\/span><\/h3><div class=\"desc\"><p><img decoding=\"async\" class=\"alignnone wp-image-256\" src=\"https:\/\/prochinitalia.com\/wp-content\/uploads\/2024\/12\/anno_1936.png\" alt=\"\" width=\"150\" height=\"150\" srcset=\"https:\/\/prochinitalia.com\/wp-content\/uploads\/2024\/12\/anno_1936.png 200w, https:\/\/prochinitalia.com\/wp-content\/uploads\/2024\/12\/anno_1936-150x150.png 150w, https:\/\/prochinitalia.com\/wp-content\/uploads\/2024\/12\/anno_1936-75x75.png 75w\" sizes=\"(max-width:767px) 150px, 150px\" \/><\/p><p>Gennaro Calabria apre una piccola azienda a Napoli (Italia),<br \/>commercializzando materie prime per l'industria.<\/p><\/div><\/li><li><h3><span>1961<\/span><\/h3><div class=\"desc\"><p><img decoding=\"async\" class=\"alignnone wp-image-257\" src=\"https:\/\/prochinitalia.com\/wp-content\/uploads\/2024\/12\/anno_1961.png\" alt=\"\" width=\"150\" height=\"150\" srcset=\"https:\/\/prochinitalia.com\/wp-content\/uploads\/2024\/12\/anno_1961.png 200w, https:\/\/prochinitalia.com\/wp-content\/uploads\/2024\/12\/anno_1961-150x150.png 150w, https:\/\/prochinitalia.com\/wp-content\/uploads\/2024\/12\/anno_1961-75x75.png 75w\" sizes=\"(max-width:767px) 150px, 150px\" \/><\/p><p>Le attivit\u00e0 aziendali registrano un incremento<br \/>e vengono trasferite in uno stabilimento di 5.000mq a sud di Napoli.<\/p><\/div><\/li><li><h3><span>1976<\/span><\/h3><div class=\"desc\"><p><img decoding=\"async\" class=\"alignnone wp-image-265\" src=\"https:\/\/prochinitalia.com\/wp-content\/uploads\/2024\/12\/anno_1976.png\" alt=\"\" width=\"150\" height=\"150\" srcset=\"https:\/\/prochinitalia.com\/wp-content\/uploads\/2024\/12\/anno_1976.png 200w, https:\/\/prochinitalia.com\/wp-content\/uploads\/2024\/12\/anno_1976-150x150.png 150w, https:\/\/prochinitalia.com\/wp-content\/uploads\/2024\/12\/anno_1976-75x75.png 75w\" sizes=\"(max-width:767px) 150px, 150px\" \/><\/p><p>Lo stabilimento viene ampliato e diviene prima azienda sul mercato<br \/>con la produzione di silicato di sodio.<\/p><\/div><\/li><li><h3><span>1998<\/span><\/h3><div class=\"desc\"><p><img loading=\"lazy\" decoding=\"async\" class=\"alignnone wp-image-267\" src=\"https:\/\/prochinitalia.com\/wp-content\/uploads\/2024\/12\/anno_1998.png\" alt=\"\" width=\"150\" height=\"150\" srcset=\"https:\/\/prochinitalia.com\/wp-content\/uploads\/2024\/12\/anno_1998.png 200w, https:\/\/prochinitalia.com\/wp-content\/uploads\/2024\/12\/anno_1998-150x150.png 150w, https:\/\/prochinitalia.com\/wp-content\/uploads\/2024\/12\/anno_1998-75x75.png 75w\" sizes=\"(max-width:767px) 150px, 150px\" \/><\/p><p>Avvio dell'attivit\u00e0 presso la nuova sede<br \/>di Marcianise (Caserta).<\/p><\/div><\/li><li><h3><span>2016<\/span><\/h3><div class=\"desc\"><p><img loading=\"lazy\" decoding=\"async\" class=\"alignnone wp-image-268\" src=\"https:\/\/prochinitalia.com\/wp-content\/uploads\/2024\/12\/anno_2016.png\" alt=\"\" width=\"150\" height=\"150\" srcset=\"https:\/\/prochinitalia.com\/wp-content\/uploads\/2024\/12\/anno_2016.png 200w, https:\/\/prochinitalia.com\/wp-content\/uploads\/2024\/12\/anno_2016-150x150.png 150w, https:\/\/prochinitalia.com\/wp-content\/uploads\/2024\/12\/anno_2016-75x75.png 75w\" sizes=\"(max-width:767px) 150px, 150px\" \/><\/p><p>Acquisizione della maggioranza delle azioni di Crosfield Italia,<br \/>produttore di silicati di sodio, potassio e litio.<\/p><\/div><\/li><li><h3><span>2025<\/span><\/h3><div class=\"desc\"><p><img loading=\"lazy\" decoding=\"async\" class=\"alignnone wp-image-1239\" src=\"https:\/\/prochinitalia.com\/wp-content\/uploads\/2024\/12\/fusione-1.png\" alt=\"\" width=\"150\" height=\"150\" srcset=\"https:\/\/prochinitalia.com\/wp-content\/uploads\/2024\/12\/fusione-1.png 200w, https:\/\/prochinitalia.com\/wp-content\/uploads\/2024\/12\/fusione-1-150x150.png 150w, https:\/\/prochinitalia.com\/wp-content\/uploads\/2024\/12\/fusione-1-75x75.png 75w\" sizes=\"(max-width:767px) 150px, 150px\" \/><\/p><p>Fusione per incorporazione di Crosfield Italia,<br \/>produttore di silicati di sodio, potassio e litio.<\/p><\/div><\/li><\/ul>\n\t\t\t\t<\/div>\n\t\t\t\t<\/div>\n\t\t\t\t\t<\/div>\n\t\t\t\t<\/div>\n\t\t\t\t\t<\/div>\n\t\t\t\t<\/div>\n\t\t\t\t<\/div>\n\t\t","protected":false},"excerpt":{"rendered":"<p>La nostra Storia \u00e8 il nostro futuro Ne abbiamo fatta di strada dall\u2019originaria piccola azienda di materie prime e vernici fondata a Napoli (Italia) da Gennaro<span class=\"excerpt-hellip\"> [\u2026]<\/span><\/p>\n","protected":false},"author":1,"featured_media":1045,"parent":0,"menu_order":0,"comment_status":"open","ping_status":"closed","template":"","meta":{"_acf_changed":false,"footnotes":""},"class_list":["post-247","page","type-page","status-publish","has-post-thumbnail","hentry"],"acf":[],"yoast_head":"<!-- This site is optimized with the Yoast SEO plugin v24.2 - https:\/\/yoast.com\/wordpress\/plugins\/seo\/ -->\n<title>Chi siamo - Prochin<\/title>\n<meta name=\"robots\" content=\"index, follow, max-snippet:-1, max-image-preview:large, max-video-preview:-1\" \/>\n<link rel=\"canonical\" href=\"https:\/\/prochinitalia.com\/it\/chi-siamo\/\" \/>\n<meta property=\"og:locale\" content=\"it_IT\" \/>\n<meta property=\"og:type\" content=\"article\" \/>\n<meta property=\"og:title\" content=\"Chi siamo - Prochin\" \/>\n<meta property=\"og:description\" content=\"La nostra Storia \u00e8 il nostro futuro Ne abbiamo fatta di strada dall\u2019originaria piccola azienda di materie prime e vernici fondata a Napoli (Italia) da Gennaro [\u2026]\" \/>\n<meta property=\"og:url\" content=\"https:\/\/prochinitalia.com\/it\/chi-siamo\/\" \/>\n<meta property=\"og:site_name\" content=\"Prochin\" \/>\n<meta property=\"article:modified_time\" content=\"2024-12-30T15:39:19+00:00\" \/>\n<meta property=\"og:image\" content=\"https:\/\/prochinitalia.com\/wp-content\/uploads\/2024\/12\/Copertina-Chi-Siamo-2.webp\" \/>\n\t<meta property=\"og:image:width\" content=\"1920\" \/>\n\t<meta property=\"og:image:height\" content=\"1076\" \/>\n\t<meta property=\"og:image:type\" content=\"image\/webp\" \/>\n<meta name=\"twitter:card\" content=\"summary_large_image\" \/>\n<meta name=\"twitter:label1\" content=\"Tempo di lettura stimato\" \/>\n\t<meta name=\"twitter:data1\" content=\"2 minuti\" \/>\n<script type=\"application\/ld+json\" class=\"yoast-schema-graph\">{\"@context\":\"https:\/\/schema.org\",\"@graph\":[{\"@type\":\"WebPage\",\"@id\":\"https:\/\/prochinitalia.com\/it\/chi-siamo\/\",\"url\":\"https:\/\/prochinitalia.com\/it\/chi-siamo\/\",\"name\":\"Chi siamo - Prochin\",\"isPartOf\":{\"@id\":\"https:\/\/prochinitalia.com\/it\/#website\"},\"primaryImageOfPage\":{\"@id\":\"https:\/\/prochinitalia.com\/it\/chi-siamo\/#primaryimage\"},\"image\":{\"@id\":\"https:\/\/prochinitalia.com\/it\/chi-siamo\/#primaryimage\"},\"thumbnailUrl\":\"https:\/\/prochinitalia.com\/wp-content\/uploads\/2024\/12\/Copertina-Chi-Siamo-2.webp\",\"datePublished\":\"2024-12-19T10:05:01+00:00\",\"dateModified\":\"2024-12-30T15:39:19+00:00\",\"breadcrumb\":{\"@id\":\"https:\/\/prochinitalia.com\/it\/chi-siamo\/#breadcrumb\"},\"inLanguage\":\"it-IT\",\"potentialAction\":[{\"@type\":\"ReadAction\",\"target\":[\"https:\/\/prochinitalia.com\/it\/chi-siamo\/\"]}]},{\"@type\":\"ImageObject\",\"inLanguage\":\"it-IT\",\"@id\":\"https:\/\/prochinitalia.com\/it\/chi-siamo\/#primaryimage\",\"url\":\"https:\/\/prochinitalia.com\/wp-content\/uploads\/2024\/12\/Copertina-Chi-Siamo-2.webp\",\"contentUrl\":\"https:\/\/prochinitalia.com\/wp-content\/uploads\/2024\/12\/Copertina-Chi-Siamo-2.webp\",\"width\":1920,\"height\":1076},{\"@type\":\"BreadcrumbList\",\"@id\":\"https:\/\/prochinitalia.com\/it\/chi-siamo\/#breadcrumb\",\"itemListElement\":[{\"@type\":\"ListItem\",\"position\":1,\"name\":\"Home\",\"item\":\"https:\/\/prochinitalia.com\/it\/\"},{\"@type\":\"ListItem\",\"position\":2,\"name\":\"Chi siamo\"}]},{\"@type\":\"WebSite\",\"@id\":\"https:\/\/prochinitalia.com\/it\/#website\",\"url\":\"https:\/\/prochinitalia.com\/it\/\",\"name\":\"Prochin\",\"description\":\"Produzione Prodotti Chimici Industriali\",\"potentialAction\":[{\"@type\":\"SearchAction\",\"target\":{\"@type\":\"EntryPoint\",\"urlTemplate\":\"https:\/\/prochinitalia.com\/it\/?s={search_term_string}\"},\"query-input\":{\"@type\":\"PropertyValueSpecification\",\"valueRequired\":true,\"valueName\":\"search_term_string\"}}],\"inLanguage\":\"it-IT\"}]}<\/script>\n<!-- \/ Yoast SEO plugin. -->","yoast_head_json":{"title":"Chi siamo - Prochin","robots":{"index":"index","follow":"follow","max-snippet":"max-snippet:-1","max-image-preview":"max-image-preview:large","max-video-preview":"max-video-preview:-1"},"canonical":"https:\/\/prochinitalia.com\/it\/chi-siamo\/","og_locale":"it_IT","og_type":"article","og_title":"Chi siamo - Prochin","og_description":"La nostra Storia \u00e8 il nostro futuro Ne abbiamo fatta di strada dall\u2019originaria piccola azienda di materie prime e vernici fondata a Napoli (Italia) da Gennaro [\u2026]","og_url":"https:\/\/prochinitalia.com\/it\/chi-siamo\/","og_site_name":"Prochin","article_modified_time":"2024-12-30T15:39:19+00:00","og_image":[{"width":1920,"height":1076,"url":"https:\/\/prochinitalia.com\/wp-content\/uploads\/2024\/12\/Copertina-Chi-Siamo-2.webp","type":"image\/webp"}],"twitter_card":"summary_large_image","twitter_misc":{"Tempo di lettura stimato":"2 minuti"},"schema":{"@context":"https:\/\/schema.org","@graph":[{"@type":"WebPage","@id":"https:\/\/prochinitalia.com\/it\/chi-siamo\/","url":"https:\/\/prochinitalia.com\/it\/chi-siamo\/","name":"Chi siamo - Prochin","isPartOf":{"@id":"https:\/\/prochinitalia.com\/it\/#website"},"primaryImageOfPage":{"@id":"https:\/\/prochinitalia.com\/it\/chi-siamo\/#primaryimage"},"image":{"@id":"https:\/\/prochinitalia.com\/it\/chi-siamo\/#primaryimage"},"thumbnailUrl":"https:\/\/prochinitalia.com\/wp-content\/uploads\/2024\/12\/Copertina-Chi-Siamo-2.webp","datePublished":"2024-12-19T10:05:01+00:00","dateModified":"2024-12-30T15:39:19+00:00","breadcrumb":{"@id":"https:\/\/prochinitalia.com\/it\/chi-siamo\/#breadcrumb"},"inLanguage":"it-IT","potentialAction":[{"@type":"ReadAction","target":["https:\/\/prochinitalia.com\/it\/chi-siamo\/"]}]},{"@type":"ImageObject","inLanguage":"it-IT","@id":"https:\/\/prochinitalia.com\/it\/chi-siamo\/#primaryimage","url":"https:\/\/prochinitalia.com\/wp-content\/uploads\/2024\/12\/Copertina-Chi-Siamo-2.webp","contentUrl":"https:\/\/prochinitalia.com\/wp-content\/uploads\/2024\/12\/Copertina-Chi-Siamo-2.webp","width":1920,"height":1076},{"@type":"BreadcrumbList","@id":"https:\/\/prochinitalia.com\/it\/chi-siamo\/#breadcrumb","itemListElement":[{"@type":"ListItem","position":1,"name":"Home","item":"https:\/\/prochinitalia.com\/it\/"},{"@type":"ListItem","position":2,"name":"Chi siamo"}]},{"@type":"WebSite","@id":"https:\/\/prochinitalia.com\/it\/#website","url":"https:\/\/prochinitalia.com\/it\/","name":"Prochin","description":"Produzione Prodotti Chimici Industriali","potentialAction":[{"@type":"SearchAction","target":{"@type":"EntryPoint","urlTemplate":"https:\/\/prochinitalia.com\/it\/?s={search_term_string}"},"query-input":{"@type":"PropertyValueSpecification","valueRequired":true,"valueName":"search_term_string"}}],"inLanguage":"it-IT"}]}},"_links":{"self":[{"href":"https:\/\/prochinitalia.com\/it\/wp-json\/wp\/v2\/pages\/247","targetHints":{"allow":["GET"]}}],"collection":[{"href":"https:\/\/prochinitalia.com\/it\/wp-json\/wp\/v2\/pages"}],"about":[{"href":"https:\/\/prochinitalia.com\/it\/wp-json\/wp\/v2\/types\/page"}],"author":[{"embeddable":true,"href":"https:\/\/prochinitalia.com\/it\/wp-json\/wp\/v2\/users\/1"}],"replies":[{"embeddable":true,"href":"https:\/\/prochinitalia.com\/it\/wp-json\/wp\/v2\/comments?post=247"}],"version-history":[{"count":34,"href":"https:\/\/prochinitalia.com\/it\/wp-json\/wp\/v2\/pages\/247\/revisions"}],"predecessor-version":[{"id":1243,"href":"https:\/\/prochinitalia.com\/it\/wp-json\/wp\/v2\/pages\/247\/revisions\/1243"}],"wp:featuredmedia":[{"embeddable":true,"href":"https:\/\/prochinitalia.com\/it\/wp-json\/wp\/v2\/media\/1045"}],"wp:attachment":[{"href":"https:\/\/prochinitalia.com\/it\/wp-json\/wp\/v2\/media?parent=247"}],"curies":[{"name":"wp","href":"https:\/\/api.w.org\/{rel}","templated":true}]}}